{"id":106,"date":"2022-02-04T14:30:24","date_gmt":"2022-02-04T13:30:24","guid":{"rendered":"https:\/\/reoptis.pl\/blog\/?page_id=106"},"modified":"2022-02-04T14:30:56","modified_gmt":"2022-02-04T13:30:56","slug":"kontakt","status":"publish","type":"page","link":"https:\/\/reoptis.pl\/blog\/kontakt\/","title":{"rendered":"Kontakt"},"content":{"rendered":"\n<iframe src=\"https:\/\/www.google.com\/maps\/embed?pb=!1m18!1m12!1m3!1d77966.13217324782!2d16.92276869135987!3d52.362411698542275!2m3!1f0!2f0!3f0!3m2!1i1024!2i768!4f13.1!3m3!1m2!1s0x47045b4722e6b445%3A0xe1c78ce59aeec5e8!2sreOptis%20%2F%20Okulistyka%20Szpitala%20%C5%9Bw.%20Wojciecha!5e0!3m2!1spl!2spl!4v1617726035481!5m2!1spl!2spl\" width=\"100%\" height=\"300\" style=\"border: 0px; pointer-events: none;\" allowfullscreen=\"\" loading=\"lazy\"><\/iframe>\n\n\n\n<div class=\"wp-block-columns is-layout-flex wp-container-core-columns-is-layout-9d6595d7 wp-block-columns-is-layout-flex\">\n<div class=\"wp-block-column is-layout-flow wp-block-column-is-layout-flow\">\n<h4 class=\"has-text-align-center wp-block-heading\" id=\"adres-kliniki\">Adres Kliniki<\/h4>\n\n\n\n<ul class=\"wp-block-list\"><li>Szpital \u015bw. Wojciecha<br>ul. Boles\u0142awa Krzywoustego 114<br>61-144 Pozna\u0144<\/li><\/ul>\n<\/div>\n\n\n\n<div class=\"wp-block-column is-layout-flow wp-block-column-is-layout-flow\">\n<h4 class=\"has-text-align-center wp-block-heading\" id=\"informacje-kontaktowe\">Informacje Kontaktowe:<\/h4>\n\n\n\n<ul class=\"wp-block-list\"><li>Telefon:&nbsp;<a href=\"tel:+48616006000\">61 600 6000<\/a><\/li><li><a href=\"mailto:bezokularow@reoptis.pl\">bezokularow@reoptis.pl<\/a><\/li><\/ul>\n<\/div>\n\n\n\n<div class=\"wp-block-column is-layout-flow wp-block-column-is-layout-flow\">\n<h4 class=\"has-text-align-center wp-block-heading\" id=\"strona-reoptis-pl\">Strona reoptis.pl<\/h4>\n\n\n\n<p class=\"has-text-align-center\">Zapraszamy r\u00f3wnie\u017c na nasz\u0105 g\u0142\u00f3wn\u0105 stron\u0119 internetow\u0105:<\/p>\n\n\n\n<div class=\"wp-block-buttons is-layout-flex wp-block-buttons-is-layout-flex\">\n<div class=\"wp-block-button aligncenter has-custom-width wp-block-button__width-25 has-custom-font-size has-small-font-size\"><a class=\"wp-block-button__link has-white-color has-text-color has-background\" href=\"https:\/\/reoptis.pl\/\" style=\"background-color:#7160a6\">reOptis.pl<\/a><\/div>\n<\/div>\n<\/div>\n<\/div>\n","protected":false},"excerpt":{"rendered":"<p>Adres Kliniki Szpital \u015bw. Wojciechaul. Boles\u0142awa Krzywoustego 11461-144 Pozna\u0144 Informacje Kontaktowe: Telefon:&nbsp;61 600 6000 bezokularow@reoptis.pl Strona reoptis.pl Zapraszamy r\u00f3wnie\u017c na nasz\u0105 g\u0142\u00f3wn\u0105 stron\u0119 internetow\u0105:<\/p>\n","protected":false},"author":1,"featured_media":0,"parent":0,"menu_order":0,"comment_status":"closed","ping_status":"closed","template":"","meta":{"footnotes":""},"class_list":["post-106","page","type-page","status-publish","hentry"],"_links":{"self":[{"href":"https:\/\/reoptis.pl\/blog\/wp-json\/wp\/v2\/pages\/106","targetHints":{"allow":["GET"]}}],"collection":[{"href":"https:\/\/reoptis.pl\/blog\/wp-json\/wp\/v2\/pages"}],"about":[{"href":"https:\/\/reoptis.pl\/blog\/wp-json\/wp\/v2\/types\/page"}],"author":[{"embeddable":true,"href":"https:\/\/reoptis.pl\/blog\/wp-json\/wp\/v2\/users\/1"}],"replies":[{"embeddable":true,"href":"https:\/\/reoptis.pl\/blog\/wp-json\/wp\/v2\/comments?post=106"}],"version-history":[{"count":10,"href":"https:\/\/reoptis.pl\/blog\/wp-json\/wp\/v2\/pages\/106\/revisions"}],"predecessor-version":[{"id":116,"href":"https:\/\/reoptis.pl\/blog\/wp-json\/wp\/v2\/pages\/106\/revisions\/116"}],"wp:attachment":[{"href":"https:\/\/reoptis.pl\/blog\/wp-json\/wp\/v2\/media?parent=106"}],"curies":[{"name":"wp","href":"https:\/\/api.w.org\/{rel}","templated":true}]}}